{"id":235,"date":"2015-05-15T07:29:41","date_gmt":"2015-05-15T10:29:41","guid":{"rendered":"http:\/\/www.paroquiabomconselho.com\/paroquiabomconselho\/?page_id=235"},"modified":"2020-10-09T16:22:29","modified_gmt":"2020-10-09T19:22:29","slug":"historia-da-devocao-de-nossa-senhora-do-bom-conselho","status":"publish","type":"page","link":"http:\/\/paroquiabomconselho.com\/paroquiabomconselho\/historia-da-devocao-de-nossa-senhora-do-bom-conselho\/","title":{"rendered":"Hist\u00f3ria da Devo\u00e7\u00e3o de Nossa Senhora do Bom Conselho"},"content":{"rendered":"<p><span style=\"color: #000000;\"><iframe loading=\"lazy\" src=\"https:\/\/www.youtube.com\/embed\/zovqnlgm5g8?rel=0\" width=\"640\" height=\"360\" frameborder=\"0\" allowfullscreen=\"allowfullscreen\"><\/iframe><\/span><\/p>\n<p style=\"text-align: justify;\"><span style=\"color: #000000;\">Milagrosamente se trasladou da Alb\u00e2nia a Genazzano, It\u00e1lia, como resposta \u00e0s ora\u00e7\u00f5es.<\/span><\/p>\n<p style=\"text-align: justify;\"><span style=\"color: #000000;\">Muitos anos antes da vinda de Cristo, os habitantes do pequeno povoado de Gennazzano, situado a cerca de 50 quil\u00f4metros de Roma, tinham constru\u00eddo um templo para V\u00eanus, a deusa pag\u00e3 do amor, a quem tinham especial devo\u00e7\u00e3o. Ali se ofereciam cultos\u00a0e celebravam-se grandes festas em sua honra, principalmente no dia 25 de abril.<\/span><\/p>\n<p style=\"text-align: justify;\"><span style=\"color: #000000;\">Todos os anos, o povo de Gennazzano gozava das festividades, dan\u00e7ando e cantando.<\/span><\/p>\n<p style=\"text-align: justify;\"><span style=\"color: #000000;\">No s\u00e9culo IV de nossa era, quando o cristianismo j\u00e1 havia sido publicamente reconhecido no Imp\u00e9rio Romano, o papa S\u00e3o Marcos (336 d.c) mandou construir uma igreja numa colina acima do povoado, n\u00e3o muito distante das ru\u00ednas do antigo antigo templo pag\u00e3o. A Igreja, uma constru\u00e7\u00e3o pequena e simples, mas firme e s\u00f3lida, foi dedicada a Nossa senhora do Bom Conselho. Conhecendo o amor que o povo de Gennazzano tinha \u00e0s festas e celebra\u00e7\u00f5es, o Papa declarou o dia 25 de abril (data das antigas festas pag\u00e3s), como dia da celebra\u00e7\u00e3o crist\u00e3 em honra a Nossa Senhora do bom Conselho. A Igreja respeita os costumes dos povos, mas sempre procura purific\u00e1-los de todo erro e elev\u00e1-los a Deus.<\/span><\/p>\n<p style=\"text-align: justify;\"><span style=\"color: #000000;\">Atrav\u00e9s dos s\u00e9culos, Nossa Senhora foi honrada de maneira especial na pequena Igreja da colina, a qual foi entregue aos cuidados dos frades da Ordem de Santo Agostinho, em 1356. Com o tempo, o uso e a falta de cuidados come\u00e7aram a afetar o velho templo. J\u00e1 no s\u00e9culo XV, a Igreja havia se deteriorado de tal maneira, que alguns temiam que viesse a desabar a qualquer instante. Poucos, no entanto, pareciam interessar-se em restaur\u00e1-la, possivelmente por haver, nessa \u00e9poca, igrejas mais novas e maiores no povoado.<\/span><\/p>\n<p style=\"text-align: justify;\"><span style=\"color: #000000;\">Uma vi\u00fava, Petruccia de Geneo, que amava a Virgem com devo\u00e7\u00e3o, sentiu-se inspirada a reconstruir a velha igreja. Desejava que fosse maior e mais bonita, mais apropriada para a M\u00e3e de Deus.<\/span><\/p>\n<p style=\"text-align: justify;\"><span style=\"color: #000000;\">Confiando no auxilio de Nossa Senhora, Petruccia contratou trabalhadores e construtores, comprou os materiais e assim viu as paredes subirem. Seus vizinhos ficaram por um tempo observando tudo em sil\u00eancio, mas logo come\u00e7aram a ridiculariz\u00e1-la principalmente quando lhes pedia ajuda para a restaura\u00e7\u00e3o da igreja.<\/span><\/p>\n<p style=\"text-align: justify;\"><span style=\"color: #000000;\">Petruccia n\u00e3o podia compreender a atitude de seus vizinhos, pois tinha pensado que o amor deles por Nossa Senhora os inspiraria at\u00e9 a oferecer ajuda. Mas os cora\u00e7\u00f5es daquela gente n\u00e3o estavam inclinados a isso. Eles sabiam que construir uma igreja grande e bonita era um enorme projeto e que, mesmo Petruccia tendo dinheiro, este n\u00e3o seria suficiente.<\/span><\/p>\n<p style=\"text-align: justify;\"><span style=\"color: #000000;\">Al\u00e9m disso, achavam que aquela obra era um ato de orgulho e presun\u00e7\u00e3o da parte de Petruccia e a censuraram. Quando o projeto teve que ser interrompido, por falta de fundos, as paredes inacabadas foram apelidadas de : \u2018A loucura de Petruccia\u201d.<\/span><\/p>\n<p style=\"text-align: justify;\"><span style=\"color: #000000;\">Nosso Senhor permitiu tudo isso para fortalecer o amor e a confian\u00e7a de Petruccia. A inveja, a falta de caridade e os desacordos dos vizinhos tornariam ainda maior a obra de Deus. A boa vi\u00fava n\u00e3o se deixou dominar pelos obst\u00e1culos, estava decidida a fazer tudo o que pudesse para ver a igreja terminada. Sentia que, se Nossa Senhora lhe havia inspirado o desejo de realizar este trabalho, Ela, no tempo certo, lhe proporcionaria os meios para conclu\u00ed-lo. Dizia que algum dia, \u201cuma grande Senhora viria tomar posse de sua igreja\u201d. Cheia de f\u00e9, Petruccia recorria a penit\u00eancias e ora\u00e7\u00f5es cada vez mais fervorosas. Pouco tempo depois, durante a festa do povoado, dia de S\u00e3o Marcos, 25 de abril de 1467, muitas pessoas estavam reunidas na pra\u00e7a do mercado, festejando, dan\u00e7ando e cantando. N\u00e3o se sabe porque, j\u00e1 n\u00e3o prestavam homenagem a Nossa Senhora de bom Conselho nessa data, como haviam feito seus antepassados, em s\u00e9culos anteriores. Provavelmente, atrav\u00e9s dos tempos, sua devo\u00e7\u00e3o a Nossa Senhora havia diminu\u00eddo, mas haviam conservado o amor pelas festas.<\/span><\/p>\n<p style=\"text-align: justify;\"><span style=\"color: #000000;\">Em meio aos festejos, algu\u00e9m reparou numa nuvem encorpada flutuando bem baixo no l\u00edmpido c\u00e9u azul. O assombro logo interrompeu o baile e os cantos.<\/span><\/p>\n<p style=\"text-align: justify;\"><span style=\"color: #000000;\">Toda aten\u00e7\u00e3o estava concentrada na nuvem, que baixava cada vez mais rapidamente, at\u00e9 que se deteve na borda estreita de uma das paredes inacabadas da igreja de Petruccia. A nuvem foi se abrindo gradualmente e, em seu centro apareceu uma bel\u00edssima pintura de Nossa Senhora como Menino Jesus. Nesse instante, todos os sinos do povoado come\u00e7aram a soar, sem\u00a0 que m\u00e3o humana alguma os tocasse.<\/span><\/p>\n<p style=\"text-align: justify;\"><span style=\"color: #000000;\">Atra\u00eddos pelo inesperado e forte repicar dos sinos, os habitantes dos povoados pr\u00f3ximos correram rapidamente a Gennazzano para averiguar a causa. Enquanto isso, ao ser informada do milagre, Petruccia, que estava em sua casa rezando, dirigiu- se depressa \u00e0 igreja, para ajoelhar- se diante da pintura. Cheia de alegria, disse a todos que tinha certeza de que Nossa Senhora viria tomar posse de sua Igreja.<\/span><\/p>\n<p style=\"text-align: justify;\"><span style=\"color: #000000;\">Todo o povo, ent\u00e3o, uniu-se a ela em louvores a Nossa Senhora.<\/span><\/p>\n<p style=\"text-align: justify;\"><span style=\"color: #000000;\">Ningu\u00e9m conhecia a preced\u00eancia da pintura, nem a havia visto antes. A partir desse momento, uma maravilhosa chuva de gra\u00e7as e curas milagrosas come\u00e7aram a ocorrer naquele lugar. Em apenas quatro meses, 171 milagres foram relatados e arquivados. As pessoas come\u00e7aram a chamar a imagem de \u201cNossa Senhora do Para\u00edso\u201d, porque acreditavam que haviam sido trazidos a Genazzano pelas m\u00e3os de anjos, ocultos na nuvem. Outros, pelos numerosos milagres, a chamavam \u201cNossa Senhora dos Milagres\u201d.<\/span><\/p>\n<p style=\"text-align: justify;\"><span style=\"color: #000000;\">Nessa mesma ocasi\u00e3o, dois estrangeiros, procedentes da Scutari, na Alb\u00e2nia, chegaram a Gennazzano, \u00e0 procura da milagrosa pintura da Virgem. Em seu testemunho, contaram que Scutari fora a \u00faltima cidade tomada pelos turcos e mul\u00e7umanos, que haviam invadido a Alb\u00e2nia. Quando perceberam que j\u00e1 n\u00e3o tinham mais como resistir ao ataque inimigo, rezaram, pedindo \u00e0 Virgem Sant\u00edssima que os aconselhasse sobre o que fazer para manter a f\u00e9\u00a0 cat\u00f3lica naquelas circunst\u00e2ncias.<\/span><\/p>\n<p style=\"text-align: justify;\"><span style=\"color: #000000;\">Naquela mesma noite, para assombro dos dois albaneses, a imagem da virgem se despendeu da parede e, elevando-se ao c\u00e9u, come\u00e7ou a dirigir-se lentamente para oeste. Puseram-se ent\u00e3o a segui-la, cruzando a p\u00e9, de forma milagrosa, o mar Adri\u00e1tico, que se separa a Alb\u00e2nia da It\u00e1lia. Sempre a seguir a imagem, chegaram por fim a Gennazzano, para viver junto de sua Senhora, que l\u00e1 se havia refugiado.<\/span><\/p>\n<p style=\"text-align: justify;\"><span style=\"color: #000000;\">Quando, em Roma, o Santo Padre foi informado sobre a pintura e seus milagres, enviou dois bispos, em comiss\u00e3o, para examinar e estudar aqueles extraordin\u00e1rios acontecimentos. Depois de uma cuidadosa investiga\u00e7\u00e3o, os dois bispos e o Papa se convenceram de que a pintura era verdadeiramente a mesma pintura de Nossa Senhora de Bom Conselho que durante s\u00e9culos havia sido venerada no pequeno povoado de Scutari, na Alb\u00e2nia. O espa\u00e7o vazio, com as dimens\u00f5es exatas da imagem que surgira em Gennazzano, estava plenamente vis\u00edvel. A pintura, com espessura de casca de ovo, era um afresco, ou seja, havia sido pintada diretamente sobre o reboco da parede da igreja de Scutari. Nenhum ser humano, por mais habilidoso que fosse, poderia t\u00ea-la removido da parede, sem romp\u00ea-la. E nenhum ser humano poderia ter trazido algo t\u00e3o fr\u00e1gil atrav\u00e9s do mar Adri\u00e1tico, e coloc\u00e1-la de p\u00e9, sem nenhuma sustenta\u00e7\u00e3o, sobre a parede inacabada da igreja em Gennazzano.<\/span><\/p>\n<p style=\"text-align: justify;\"><span style=\"color: #000000;\">Naturalmente, a igreja da Petruccia foi conclu\u00edda.<\/span><\/p>\n<p style=\"text-align: justify;\"><span style=\"color: #000000;\">Mas ainda, houve tantas doa\u00e7\u00f5es e tanta ajuda, que se converteu em uma bela bas\u00edlica. A pintura foi colocada num maravilhoso relic\u00e1rio decorado com ouro e pedras preciosas. Mais tarde, duas coroas de ouro, enviadas do Vaticano, foram colocadas acima das cabe\u00e7as de Nossa Senhora e do Menino. A pintura est\u00e1 at\u00e9 hoje na igreja que foi a \u201cloucura de Petruccia\u201d. Os monges agostinianos s\u00e3o os guardi\u00f5es especiais da igreja e da pintura milagrosa.<\/span><\/p>\n<p style=\"text-align: justify;\"><span style=\"color: #000000;\">A bas\u00edlica foi, claro, afetada pelo passar dos s\u00e9culos. Principalmente durante a Segunda guerra Mundial, j\u00e1 que para impedir o avan\u00e7o dos ex\u00e9rcitos aliados, osalem\u00e3es n\u00e3o hesitaram em bombardear as Igrejas. Em Gennazzano, o santu\u00e1rio de Nossa Senhora do Bom Conselho n\u00e3o escapou. Uma bomba l\u00e1 explodiu com viol\u00eancia. O altar\u00a0principal foi completamente\u00a0 destru\u00eddo. Todas\u00a0as pinturas e imagens sacras ao redor vieram abaixo, despeda\u00e7ando-se.<\/span><\/p>\n<p><span style=\"color: #000000;\"><a href=\"http:\/\/www.paroquiabomconselho.com\/paroquiabomconselho\/wp-content\/uploads\/2020\/10\/image_nsbc_3.jpg\"><img loading=\"lazy\" decoding=\"async\" class=\"wp-image-7613 size-medium alignleft\" src=\"http:\/\/www.paroquiabomconselho.com\/paroquiabomconselho\/wp-content\/uploads\/2020\/10\/image_nsbc_3-224x300.jpg\" alt=\"\" width=\"224\" height=\"300\" srcset=\"http:\/\/paroquiabomconselho.com\/paroquiabomconselho\/wp-content\/uploads\/2020\/10\/image_nsbc_3-224x300.jpg 224w, http:\/\/paroquiabomconselho.com\/paroquiabomconselho\/wp-content\/uploads\/2020\/10\/image_nsbc_3.jpg 264w\" sizes=\"auto, (max-width: 224px) 100vw, 224px\" \/><\/a><\/span><\/p>\n<p style=\"text-align: justify;\"><span style=\"color: #000000;\">A maravilhosa pintura de Nossa Senhora, por\u00e9m, se manteve intacta, t\u00e3o bela como quando Petruccia a viu pela primeira vez. Nossa Senhora tem olhos meio abaixados, como se estivesse a escutar com intensidade. Seu vestido escuro est\u00e1 adornado por uma borda de ouro. Um manto azul escuro cobre sua cabe\u00e7a e ombros e, parcialmente, o Menino Jesus, que tem uma das m\u00e3ozinhas ao redor do pesco\u00e7o da M\u00e3e. Os rostos de ambos se tocam e a m\u00e3o esquerda do Menino est\u00e1 pousada sobre a gola do vestido de Nossa Senhora. A veste vermelha do Menino tamb\u00e9m tem borda de ouro. A express\u00e3o dos dois \u00e9 de profunda aten\u00e7\u00e3o. O Menino Jesus parece estar prestes a sussurrar algo para a M\u00e3e. \u00c9 uma pintura delicada e atraente. Nos \u00faltimos quatro s\u00e9culos, in\u00fameras peregrina\u00e7\u00f5es e muitos milagres tem ocorrido no Santu\u00e1rio de Nossa Senhora de Gennazzano, a M\u00e3e amorosa, que \u00e9 para todos um tesouro de gra\u00e7as divinas. Recorra a Ela em seus pequenos problemas, v\u00e1 at\u00e9 Ela em suas grandes afli\u00e7\u00f5es, confia em Sua orienta\u00e7\u00e3o, em Sua prote\u00e7\u00e3o. Ela \u00e9 verdadeiramente Nossa Senhora do Bom Conselho.<\/span><\/p>\n","protected":false},"excerpt":{"rendered":"<p>Milagrosamente se trasladou da Alb\u00e2nia a Genazzano, It\u00e1lia, como resposta \u00e0s ora\u00e7\u00f5es. Muitos anos antes da vinda de Cristo, os habitantes do pequeno povoado de Gennazzano, situado a cerca de [&hellip;]<\/p>\n","protected":false},"author":6,"featured_media":0,"parent":0,"menu_order":0,"comment_status":"closed","ping_status":"closed","template":"","meta":{"_EventAllDay":false,"_EventTimezone":"","_EventStartDate":"","_EventEndDate":"","_EventStartDateUTC":"","_EventEndDateUTC":"","_EventShowMap":false,"_EventShowMapLink":false,"_EventURL":"","_EventCost":"","_EventCostDescription":"","_EventCurrencySymbol":"","_EventCurrencyCode":"","_EventCurrencyPosition":"","_EventDateTimeSeparator":"","_EventTimeRangeSeparator":"","_EventOrganizerID":[],"_EventVenueID":[],"_OrganizerEmail":"","_OrganizerPhone":"","_OrganizerWebsite":"","_VenueAddress":"","_VenueCity":"","_VenueCountry":"","_VenueProvince":"","_VenueState":"","_VenueZip":"","_VenuePhone":"","_VenueURL":"","_VenueStateProvince":"","_VenueLat":"","_VenueLng":"","_VenueShowMap":false,"_VenueShowMapLink":false,"footnotes":""},"class_list":["post-235","page","type-page","status-publish","hentry"],"_links":{"self":[{"href":"http:\/\/paroquiabomconselho.com\/paroquiabomconselho\/wp-json\/wp\/v2\/pages\/235","targetHints":{"allow":["GET"]}}],"collection":[{"href":"http:\/\/paroquiabomconselho.com\/paroquiabomconselho\/wp-json\/wp\/v2\/pages"}],"about":[{"href":"http:\/\/paroquiabomconselho.com\/paroquiabomconselho\/wp-json\/wp\/v2\/types\/page"}],"author":[{"embeddable":true,"href":"http:\/\/paroquiabomconselho.com\/paroquiabomconselho\/wp-json\/wp\/v2\/users\/6"}],"replies":[{"embeddable":true,"href":"http:\/\/paroquiabomconselho.com\/paroquiabomconselho\/wp-json\/wp\/v2\/comments?post=235"}],"version-history":[{"count":2,"href":"http:\/\/paroquiabomconselho.com\/paroquiabomconselho\/wp-json\/wp\/v2\/pages\/235\/revisions"}],"predecessor-version":[{"id":7614,"href":"http:\/\/paroquiabomconselho.com\/paroquiabomconselho\/wp-json\/wp\/v2\/pages\/235\/revisions\/7614"}],"wp:attachment":[{"href":"http:\/\/paroquiabomconselho.com\/paroquiabomconselho\/wp-json\/wp\/v2\/media?parent=235"}],"curies":[{"name":"wp","href":"https:\/\/api.w.org\/{rel}","templated":true}]}}