{"id":6723,"date":"2020-08-22T10:12:29","date_gmt":"2020-08-22T13:12:29","guid":{"rendered":"http:\/\/www.paroquiabomconselho.com\/paroquiabomconselho\/_new-home-copy\/"},"modified":"2025-08-24T21:52:14","modified_gmt":"2025-08-25T00:52:14","slug":"_home","status":"publish","type":"page","link":"http:\/\/paroquiabomconselho.com\/paroquiabomconselho\/","title":{"rendered":""},"content":{"rendered":"\r\n\r\n\r\n\r\n\r\n<div class=\"su-divider su-divider-style-double\" style=\"margin:15px 0;border-width:3px;border-color:#999999\"><\/div>\r\n\r\n\r\n\r\n<h1 class=\"has-text-align-center wp-block-heading\"><span class=\"has-inline-color has-luminous-vivid-orange-color\">\u00daltimas Not\u00edcias !<\/span><\/h1>\r\n\r\n\r\n<hr class=\"wp-block-separator\" \/>\r\n\r\n\r\n\n\n<div class=\"su-posts su-posts-default-loop \">\n\n\t\n\t\t\t\t\t\n\t\t\t\n\t\t\t<div id=\"su-post-7641\" class=\"su-post \">\n\n\t\t\t\t\t\t\t\t\t<a class=\"su-post-thumbnail\" href=\"http:\/\/paroquiabomconselho.com\/paroquiabomconselho\/inscricoes-ivc-2025\/\"><img loading=\"lazy\" decoding=\"async\" width=\"1587\" height=\"2245\" src=\"http:\/\/paroquiabomconselho.com\/paroquiabomconselho\/wp-content\/uploads\/2024\/01\/Inscricoes-IVC-2025-2.png\" class=\"attachment-post-thumbnail size-post-thumbnail wp-post-image\" alt=\"\" srcset=\"http:\/\/paroquiabomconselho.com\/paroquiabomconselho\/wp-content\/uploads\/2024\/01\/Inscricoes-IVC-2025-2.png 1587w, http:\/\/paroquiabomconselho.com\/paroquiabomconselho\/wp-content\/uploads\/2024\/01\/Inscricoes-IVC-2025-2-212x300.png 212w, http:\/\/paroquiabomconselho.com\/paroquiabomconselho\/wp-content\/uploads\/2024\/01\/Inscricoes-IVC-2025-2-724x1024.png 724w, http:\/\/paroquiabomconselho.com\/paroquiabomconselho\/wp-content\/uploads\/2024\/01\/Inscricoes-IVC-2025-2-768x1086.png 768w, http:\/\/paroquiabomconselho.com\/paroquiabomconselho\/wp-content\/uploads\/2024\/01\/Inscricoes-IVC-2025-2-1086x1536.png 1086w, http:\/\/paroquiabomconselho.com\/paroquiabomconselho\/wp-content\/uploads\/2024\/01\/Inscricoes-IVC-2025-2-1448x2048.png 1448w, http:\/\/paroquiabomconselho.com\/paroquiabomconselho\/wp-content\/uploads\/2024\/01\/Inscricoes-IVC-2025-2-1080x1528.png 1080w\" sizes=\"auto, (max-width: 1587px) 100vw, 1587px\" \/><\/a>\n\t\t\t\t\n\t\t\t\t<h2 class=\"su-post-title\"><a href=\"http:\/\/paroquiabomconselho.com\/paroquiabomconselho\/inscricoes-ivc-2025\/\">ABERTAS AS INSCRI\u00c7\u00d5ES PARA O IVC &#8211; 2026<\/a><\/h2>\n\n\t\t\t\t<div class=\"su-post-meta\">\n\t\t\t\t\tPosted: 10 de janeiro de 2024\t\t\t\t<\/div>\n\n\t\t\t\t<div class=\"su-post-excerpt\">\n\t\t\t\t\t<p>O IVC \u2013 Inicia\u00e7\u00e3o \u00e0 Vida Crist\u00e3 O IVC tem o papel de introduzir a catequese aos leigos, independente da sua idade, nos diversos aspectos essenciais da vida dentro da [&hellip;]<\/p>\n\t\t\t\t<\/div>\n\n\t\t\t\t\t\t\t\t\t<a href=\"http:\/\/paroquiabomconselho.com\/paroquiabomconselho\/inscricoes-ivc-2025\/#respond\" class=\"su-post-comments-link\">0 comments<\/a>\n\t\t\t\t\n\t\t\t<\/div>\n\n\t\t\t\t\t\n\t\t\t\n\t\t\t<div id=\"su-post-7665\" class=\"su-post \">\n\n\t\t\t\t\n\t\t\t\t<h2 class=\"su-post-title\"><a href=\"http:\/\/paroquiabomconselho.com\/paroquiabomconselho\/vaticano\/\">Clique aqui para ver as \u00faltimas Not\u00edcias do Vaticano<\/a><\/h2>\n\n\t\t\t\t<div class=\"su-post-meta\">\n\t\t\t\t\tPosted: 11 de fevereiro de 2023\t\t\t\t<\/div>\n\n\t\t\t\t<div class=\"su-post-excerpt\">\n\t\t\t\t\t<p>Acompanhe as not\u00edcias mais recentes do VATICAN NEWS.<\/p>\n\t\t\t\t<\/div>\n\n\t\t\t\t\n\t\t\t<\/div>\n\n\t\t\n\t\n<\/div>\n\r\n\r\n\r\n<div class=\"su-spacer\" style=\"height:100px\"><\/div>\n\r\n\r\n\r\n<div class=\"su-divider su-divider-style-double\" style=\"margin:15px 0;border-width:3px;border-color:#999999\"><\/div>\r\n\r\n\r\n\r\n<div class=\"et_pb_row\">\n\t\t\t\r\n\r\n\r\n<div class=\"et_pb_column et_pb_column_1_3\">\n\t\t\t<div class=\"et_pb_blurb et_pb_bg_layout_light et_pb_text_align_center et_pb_blurb_position_top\">\n\t\t\t<div class=\"et_pb_blurb_content\">\n\t\t\t\t<div class=\"et_pb_main_blurb_image\"><span class=\"et-pb-icon et-waypoint et_pb_animation_off et-pb-icon-circle\" style=\"color: #A81000; background-color: #B8B8F8;\">\ue081<\/span><\/div>\n\t\t\t\t<h4>Endere\u00e7o<\/h4>\n\t\t\t\t\n<pre><br \/>Rua da Mooca, 3911\r\nCEP: 03165-003 - Alto da Mooca\r\nSetor Bel\u00e9m - Regi\u00e3o Episcopal Bel\u00e9m\r\nArquidiocese de S\u00e3o Paulo<\/pre>\n<table cellspacing=\"0\" cellpadding=\"0\">\n<tbody>\n<tr>\n<td><strong>P\u00e1roco:<\/strong> Pe. Gild\u00e1sio E. S. Lima Tanajura<\/td>\n<\/tr>\n<tr>\n<td><strong>Vig\u00e1rio:<\/strong> Pe. Adil da Silva<\/td>\n<\/tr>\n<tr>\n<td>\u00a0<\/td>\n<\/tr>\n<\/tbody>\n<\/table>\n\n\t\t\t<\/div> <!-- .et_pb_blurb_content -->\n\t\t<\/div> <!-- .et_pb_blurb -->\n\t\t<\/div> <!-- .et_pb_column -->\n\r\n\r\n<div class=\"et_pb_column et_pb_column_1_3\">\n\t\t\t<div class=\"et_pb_blurb et_pb_bg_layout_light et_pb_text_align_center et_pb_blurb_position_top\">\n\t\t\t<div class=\"et_pb_blurb_content\">\n\t\t\t\t<div class=\"et_pb_main_blurb_image\"><span class=\"et-pb-icon et-waypoint et_pb_animation_off et-pb-icon-circle\" style=\"color: #A81000; background-color: #B8B8F8;\">}<\/span><\/div>\n\t\t\t\t<h4>Hor\u00e1rios de Atendimento<\/h4>\n\t\t\t\t\n<pre><b><br \/><\/b><span style=\"font-size: 12pt;\"><strong>CONFISS\u00d5ES:\r\n<\/strong><\/span><strong>Quarta-feira:<\/strong> Das 15h \u00e0s 17h\r\n<strong>Sexta-feira e S\u00e1bado:<\/strong> Das 09h \u00e0s 11h\r\n\r\n<strong><span style=\"font-size: 12pt;\">MISSAS:<\/span><\/strong>\r\n<strong>Ter\u00e7a, Quarta e Quinta-feira:<\/strong> \u00e0s 18h \r\n<strong>Sexta-feira e S\u00e1bado:<\/strong> \u00e0s 16h \r\n<strong>Domingo:<\/strong> \u00e0s 08h \u00e0s 10h e \u00e0s 18h<br \/><br \/><span style=\"font-size: 12pt;\"><strong>SECRETARIA:<br \/><\/strong><\/span><a href=\"http:\/\/www.paroquiabomconselho.com\/paroquiabomconselho\/horarios-paroquia\"><strong>Clique aqui para ver os Hor\u00e1rios:<\/strong><\/a><\/pre>\n<pre><span style=\"font-size: 12pt;\">\u00a0<\/span><\/pre>\n\n\t\t\t<\/div> <!-- .et_pb_blurb_content -->\n\t\t<\/div> <!-- .et_pb_blurb -->\n\t\t<\/div> <!-- .et_pb_column -->\n\r\n\r\n<div class=\"et_pb_column et_pb_column_1_3\">\n\t\t\t<div class=\"et_pb_blurb et_pb_bg_layout_light et_pb_text_align_center et_pb_blurb_position_top\">\n\t\t\t<div class=\"et_pb_blurb_content\">\n\t\t\t\t<div class=\"et_pb_main_blurb_image\"><span class=\"et-pb-icon et-waypoint et_pb_animation_off et-pb-icon-circle\" style=\"color: #A81000; background-color: #B8B8F8;\">\ue08b<\/span><\/div>\n\t\t\t\t<h4>Contatos<\/h4>\n\t\t\t\t\n<pre><b>Telefones:<\/b> \r\n(11) 2601-8837 e 2601-0960<\/pre>\n<pre><strong>WhatsApp:<br \/><\/strong>(11) 98807-8693<strong><br \/><\/strong><\/pre>\n<pre><strong>E-Mail:<\/strong> \r\n<a href=\"mailto:secretaria@paroquiabomconselho.com\">secretaria@paroquiabomconselho.com<\/a><\/pre>\n<pre><strong>Facebook:<\/strong>\r\n<a href=\"https:\/\/www.facebook.com\/nsbcparoquiaoficial\">@nsbcparoquiaoficial<\/a><\/pre>\n<pre><strong>Instagram:<\/strong>\r\n<a href=\"https:\/\/www.instagram.com\/nsbc_paroquia\">@nsbc_paroquia<\/a><\/pre>\n\n\t\t\t<\/div> <!-- .et_pb_blurb_content -->\n\t\t<\/div> <!-- .et_pb_blurb -->\n\t\t<\/div> <!-- .et_pb_column -->\n\r\n\r\n\r\n\n\t\t<\/div> <!-- .et_pb_row -->\r\n","protected":false},"excerpt":{"rendered":"<p>\u00daltimas Not\u00edcias !<\/p>\n","protected":false},"author":6,"featured_media":0,"parent":0,"menu_order":0,"comment_status":"closed","ping_status":"closed","template":"","meta":{"_EventAllDay":false,"_EventTimezone":"","_EventStartDate":"","_EventEndDate":"","_EventStartDateUTC":"","_EventEndDateUTC":"","_EventShowMap":false,"_EventShowMapLink":false,"_EventURL":"","_EventCost":"","_EventCostDescription":"","_EventCurrencySymbol":"","_EventCurrencyCode":"","_EventCurrencyPosition":"","_EventDateTimeSeparator":"","_EventTimeRangeSeparator":"","_EventOrganizerID":[],"_EventVenueID":[],"_OrganizerEmail":"","_OrganizerPhone":"","_OrganizerWebsite":"","_VenueAddress":"","_VenueCity":"","_VenueCountry":"","_VenueProvince":"","_VenueState":"","_VenueZip":"","_VenuePhone":"","_VenueURL":"","_VenueStateProvince":"","_VenueLat":"","_VenueLng":"","_VenueShowMap":false,"_VenueShowMapLink":false,"footnotes":""},"class_list":["post-6723","page","type-page","status-publish","hentry"],"_links":{"self":[{"href":"http:\/\/paroquiabomconselho.com\/paroquiabomconselho\/wp-json\/wp\/v2\/pages\/6723","targetHints":{"allow":["GET"]}}],"collection":[{"href":"http:\/\/paroquiabomconselho.com\/paroquiabomconselho\/wp-json\/wp\/v2\/pages"}],"about":[{"href":"http:\/\/paroquiabomconselho.com\/paroquiabomconselho\/wp-json\/wp\/v2\/types\/page"}],"author":[{"embeddable":true,"href":"http:\/\/paroquiabomconselho.com\/paroquiabomconselho\/wp-json\/wp\/v2\/users\/6"}],"replies":[{"embeddable":true,"href":"http:\/\/paroquiabomconselho.com\/paroquiabomconselho\/wp-json\/wp\/v2\/comments?post=6723"}],"version-history":[{"count":53,"href":"http:\/\/paroquiabomconselho.com\/paroquiabomconselho\/wp-json\/wp\/v2\/pages\/6723\/revisions"}],"predecessor-version":[{"id":7899,"href":"http:\/\/paroquiabomconselho.com\/paroquiabomconselho\/wp-json\/wp\/v2\/pages\/6723\/revisions\/7899"}],"wp:attachment":[{"href":"http:\/\/paroquiabomconselho.com\/paroquiabomconselho\/wp-json\/wp\/v2\/media?parent=6723"}],"curies":[{"name":"wp","href":"https:\/\/api.w.org\/{rel}","templated":true}]}}